{"id":1766,"date":"2021-10-14T16:29:14","date_gmt":"2021-10-14T14:29:14","guid":{"rendered":"https:\/\/landaward.it\/privacy-policy\/"},"modified":"2021-10-14T16:29:14","modified_gmt":"2021-10-14T14:29:14","slug":"privacy-policy","status":"publish","type":"page","link":"https:\/\/landaward.it\/it\/privacy-policy\/","title":{"rendered":"Privacy policy"},"content":{"rendered":"\t\t<div data-elementor-type=\"wp-page\" data-elementor-id=\"1766\" class=\"elementor elementor-1766 elementor-3\">\n\t\t\t\t\t\t<section class=\"elementor-section elementor-top-section elementor-element elementor-element-59c2e697 elementor-section-boxed elementor-section-height-default elementor-section-height-default parallax_section_no qode_elementor_container_no\" data-id=\"59c2e697\" data-element_type=\"section\" data-e-type=\"section\">\n\t\t\t\t\t\t<div class=\"elementor-container elementor-column-gap-default\">\n\t\t\t\t\t<div class=\"elementor-column elementor-col-100 elementor-top-column elementor-element elementor-element-2e7743c8\" data-id=\"2e7743c8\" data-element_type=\"column\" data-e-type=\"column\">\n\t\t\t<div class=\"elementor-widget-wrap elementor-element-populated\">\n\t\t\t\t\t\t<div class=\"elementor-element elementor-element-b3240eb elementor-widget elementor-widget-text-editor\" data-id=\"b3240eb\" data-element_type=\"widget\" data-e-type=\"widget\" data-widget_type=\"text-editor.default\">\n\t\t\t\t<div class=\"elementor-widget-container\">\n\t\t\t\t\t\t\t\t\t<h3>PRIVACY POLICY<\/h3>\n<div class=\"col-md-12\">\n<p><strong>Archiforum<\/strong><br \/>Categoria: Associazione Culturale senza scopo di lucro<br \/>Via Filippo Corridoni 17, 24124 Bergamo<br \/>Tel 035.232247<br \/>mail <a href=\"mailto:info@archiforum.it\">info@archiforum.it<\/a><br \/>web <a href=\"http:\/\/www.archiforum.it\">www.archiforum.it<\/a><br \/>C.F.\/P.IVA: 02985540166<br \/><strong>Legale rappresentante:<\/strong> Presidente Paolo Belloni c.f. BLLPLA67B24A794Y (in seguito \u201cTitolare\u201d), in qualit\u00e0 di Titolare del trattamento, informa gli interessati ai sensi dell\u2018art. 13 D.Lgs. 30.06.2003 n. 196 (in seguito, \u201cCodice Privacy\u201d) e dell\u2018art. 13 Regolamento UE n. 2016\/679 (in seguito, \u201cGDPR\u201d) che i Vostri dati saranno trattati con le modalit\u00e0 e per le finalit\u00e0 seguenti:<\/p>\n<h4>\u00a0<\/h4>\n<h4>OGGETTO DEL TRATTAMENTO<\/h4>\n<p>Fra i dati personali raccolti da questa Sito, in modo autonomo o tramite terze parti, ci sono: Cookie e dati di utilizzo.<br \/>Altri dati personali raccolti potrebbero essere indicati in altre sezioni di questa privacy policy o mediante testi informativi visualizzati contestualmente alla raccolta dei dati stessi.<br \/>L\u2019eventuale utilizzo di Cookie \u2013 o di altri strumenti di tracciamento \u2013 da parte di questa Sito o dei titolari dei servizi terzi utilizzati da questa Sito, ove non diversamente precisato, ha la finalit\u00e0 di identificare l\u2019Utente e registrare le relative preferenze per finalit\u00e0 strettamente legate all\u2019erogazione del servizio richiesto dall\u2019Utente.<\/p>\n<h4>\u00a0<\/h4>\n<h4>FINALIT\u00c0 DEL TRATTAMENTO DEI DATI RACCOLTI<\/h4>\n<p>a) I dati personali raccolti presso gli interessati sono trattati ed utilizzati direttamente per gestire la richiesta dell\u2019utente.<br \/>b) I dati inoltre verranno automaticamente inseriti in una lista di contatti e potranno essere trattati per attivit\u00e0 di comunicazione commerciale (newsletter) delle attivit\u00e0 professionali effettuate dal Titolare anche attraverso telefono e posta elettronica.<br \/>Questi servizi potrebbero inoltre consentire di raccogliere dati relativi alla data e all\u2019ora di visualizzazione dei messaggi da parte dell\u2019Utente, cos\u00ec come all\u2019interazione dell\u2019Utente con essi, come le informazioni sui click sui collegamenti inseriti nei messaggi. L\u2019applicazione utilizzata dal Titolare per questo servizio \u00e8 Mailchimp (Mailchimp).<\/p>\n<h4>Mailchimp (Mailchimp)<\/h4>\n<p>Mailchimp \u00e8 un servizio di gestione indirizzi e invio di messaggi email fornito da Mailchimp Inc.<br \/>Dati personali raccolti: Email.<br \/>Luogo del trattamento : USA \u2013\u00a0<a href=\"http:\/\/mailchimp.com\/legal\/privacy\/\" target=\"_blank\" rel=\"noopener noreferrer\">Privacy Policy<\/a><\/p>\n<p>c) Questo sito utilizza servizi e interazioni con piattaforme esterne al fine di offrire la migliore esperienza di navigazione. Questi servizi e piattaforme esterne potrebbero raccogliere per il Titolare informazioni, sempre anonime e mai identificative, circa il comportamento dell\u2019utente.<br \/>Altres\u00ec tali servizi e piattaforme esterne potrebbero raccogliere alcuni dati dell\u2019utente, disciplinati direttamente dalle proprie impostazioni sulla privacy. A seguire il Titolare specifica tali servizi e piattaforme:<\/p>\n<\/div>\n<h5>Interazione con Social Network e piattaforme esterne<\/h5>\n<p>Questi servizi permettono di effettuare interazioni con i social network, o con altre piattaforme esterne, direttamente dalle pagine di questo Sito. Le interazioni e le informazioni acquisite da questo Sito sono in ogni caso soggette alle impostazioni privacy dell\u2019Utente relative ad ogni social network. Nel caso in cui sia installato un servizio di interazione con i social network, \u00e8 possibile che, anche nel caso gli Utenti non utilizzino il servizio, lo stesso raccolga dati di traffico relativi alle pagine in cui \u00e8 installato.<\/p>\n<h5>Statistica<\/h5>\n<p>I servizi contenuti nella presente sezione permettono al Titolare del Trattamento di monitorare e analizzare i dati di traffico e servono a tener traccia del comportamento dell\u2019Utente.<\/p>\n<h4>Google Analytics (Google Inc.)<\/h4>\n<p>Google Analytics \u00e8 un servizio di analisi web fornito da Google Inc. (\u201cGoogle\u201d). Google utilizza i Dati Personali raccolti allo scopo di tracciare ed esaminare l\u2019utilizzo di questa Applicazione, compilare report e condividerli con gli altri servizi sviluppati da Google. Google potrebbe utilizzare i Dati Personali per contestualizzare e personalizzare gli annunci del proprio network pubblicitario. Dati personali raccolti: Cookie e Dati di utilizzo. Luogo del trattamento : USA \u2013\u00a0<a href=\"http:\/\/www.google.com\/intl\/it\/policies\/privacy\/\" target=\"_blank\" rel=\"noopener noreferrer\">Privacy Policy<\/a>\u00a0\u2013\u00a0<a href=\"http:\/\/tools.google.com\/dlpage\/gaoptout?hl=it\" target=\"_blank\" rel=\"noopener noreferrer\">Opt Out<\/a><\/p>\n<h5>Visualizzazione di contenuti da piattaforme esterne<\/h5>\n<p>Questi servizi permettono di visualizzare contenuti ospitati su piattaforme esterne direttamente dalle pagine di questa Applicazione e di interagire con essi.<br \/>Nel caso in cui sia installato un servizio di questo tipo, \u00e8 possibile che, anche nel caso gli Utenti non utilizzino il servizio, lo stesso raccolga dati di traffico relativi alle pagine in cui \u00e8 installato.<\/p>\n<h4>Google Fonts (Google Inc.)<\/h4>\n<p>Google Fonts \u00e8 un servizio di visualizzazione di stili di carattere gestito da Google Inc. che permette a questa Applicazione di integrare tali contenuti all\u2019interno delle proprie pagine.<br \/>Dati personali raccolti: Cookie e Dati di utilizzo.<br \/>Luogo del trattamento : USA \u2013\u00a0<a href=\"http:\/\/www.google.it\/intl\/en\/policies\/privacy\/\" target=\"_blank\" rel=\"noopener noreferrer\">Privacy Policy<\/a><\/p>\n<h4>\u00a0<\/h4>\n<h4>MODALIT\u00c0 DEL TRATTAMENTO<\/h4>\n<p>Il trattamento dei Vostri dati personali \u00e8 realizzato per mezzo delle operazioni indicate all\u2018art. 4 Codice Privacy e all\u2018art. 4 n. 2) GDPR e precisamente: raccolta, registrazione, organizzazione, conservazione, consultazione, elaborazione, modificazione, selezione, estrazione, raffronto, utilizzo, interconnessione, blocco, comunicazione, cancellazione e distruzione dei dati. I Vostri dati personali sono sottoposti a trattamento attraverso procedure informatiche, mezzi telematici ed in via residuale su supporti cartacei, da parte di soggetti interni appositamente incaricati nonch\u00e9 dai responsabili esterni in caso nominati, e ci\u00f2 anche in base agli accordi contrattuali in essere.<\/p>\n<h4>SICUREZZA<\/h4>\n<p>I dati sono conservati in archivi informatici, telematici, ed in via residuale cartacei. Il Titolare ha adottato una gran variet\u00e0 di misure di sicurezza per proteggere i Vostri dati contro il rischio di perdita, abuso o alterazione. In particolare: ha adottato le misure di cui agli artt. 32-34 Codice Privacy e all\u2018art. 32 GDPR.<\/p>\n<h4>TEMPI DI CONSERVAZIONE<\/h4>\n<p>Il Titolare tratter\u00e0 i dati personali per il tempo necessario per adempiere alle finalit\u00e0 di cui sopra e comunque per non oltre 10 anni dalla raccolta dei dati.<\/p>\n<h4>LUOGO DI TRATTAMENTO<\/h4>\n<p>I dati verranno trattati dal Titolare presso la propria sede legale e sede operativa.<\/p>\n<h4>COMUNICAZIONE E DIFFUSIONE<\/h4>\n<p>I dati personali non saranno diffusi dal Titolare.<br \/>La comunicazione a terzi, diversi dal Titolare, dai responsabili, interni ma anche esterni alla struttura aziendale, e dagli incaricati al trattamento individuati e nominati, \u00e8 prevista per il perseguimento delle finalit\u00e0 indicate ed in ogni caso nei limiti delle stesse, a soggetti e societ\u00e0 terze, partner commerciali, impegnate nel corretto e regolare perseguimento delle finalit\u00e0 descritte. I dati forniti dall\u2018utente potranno essere comunicati ai soggetti per i quali sussista un obbligo di comunicazione ai sensi di legge o una necessit\u00e0 di comunicazione per far valere un giusto diritto della societ\u00e0 presso gli organi preposti. In ogni caso il trattamento da parte di soggetti terzi dovr\u00e0 avvenire secondo correttezza e nel rispetto delle disposizioni di legge vigenti.<\/p>\n<h4>TRASFERIMENTO DEI DATI<\/h4>\n<p>Il Titolare del trattamento, ove si rendesse necessario, avr\u00e0 facolt\u00e0 di spostare i dati anche extra-UE. In tal caso, il Titolare assicura sin d\u2019ora che il trasferimento dei dati extra-UE avverr\u00e0 in conformit\u00e0 alle disposizioni di legge applicabili, previa stipula delle clausole contrattuali standard previste dalla Commissione Europea.<\/p>\n<h4>NATURA DEL CONFERIMENTO E CONSEGUENTE RIFIUTO A RISPONDERE<\/h4>\n<p>Il conferimento dei dati \u00e8 facoltativo ed \u00e8 rimesso alla volont\u00e0 del soggetto che voglia ricevere informazioni dal Titolare. Il mancato conferimento dei dati strettamente indispensabili all\u2019iscrizione comporta l\u2019impossibilit\u00e0 di dar seguito alla stessa ed alla conseguente fruizione dei servizi. I dati non espressamente indicati come obbligatori, potranno essere liberamente concessi dagli interessati. L\u2019interessato pu\u00f2 negare successivamente la possibilit\u00e0 di trattare dati gi\u00e0 forniti: in tal caso, non potr\u00e0 ricevere via posta elettronica o telefono alcuna altra comunicazione relativa al Titolare o altre comunicazioni commerciali delle attivit\u00e0 professionali effettuate dal Titolare.<\/p>\n<h4>DIRETTI DELL\u2019INTERESSATO<\/h4>\n<p>Secondo l\u2019art. 7 Codice Privacy e art. 15 GDPR, l\u2019interessato potr\u00e0 ottenere la conferma dell\u2019esistenza o meno di dati personali che lo riguardano, anche se non ancora registrati, e la loro comunicazione in forma intelligibile. L\u2019interessato ha diritto di ottenere l\u2019indicazione:<br \/>a) dell\u2019origine dei dati personali;<br \/>b) delle finalit\u00e0 e modalit\u00e0 del trattamento;<br \/>c) della logica applicata in caso di trattamento effettuato con l\u2019ausilio di strumenti elettronici;<br \/>d) degli estremi identificativi del titolare, dei responsabili e del rappresentante designato ai sensi dell\u2019articolo 5, comma 2 e art. 3, comma 1, GDPR;<br \/>e) dei soggetti o delle categorie di soggetti ai quali i dati personali possono essere comunicati o che possono venirne a conoscenza in qualit\u00e0 di rappresentante designato nel territorio dello Stato, di responsabili o incaricati.<\/p>\n<p>L\u2019interessato ha diritto di ottenere:<br \/>a) l\u2019aggiornamento, la rettificazione ovvero, quando vi ha interesse, l\u2019integrazione dei dati;<br \/>b) la cancellazione, la trasformazione in forma anonima o il blocco dei dati trattati in violazione di legge, compresi quelli di cui non \u00e8 necessaria la conservazione in relazione agli scopi per i quali i dati sono stati raccolti o successivamente trattati;<br \/>c) l\u2019attestazione che le operazioni di cui alle lettere a) e b) sono state portate a conoscenza, anche per quanto riguarda il loro contenuto, di coloro ai quali i dati sono stati comunicati o diffusi, eccettuato il caso in cui tale adempimento si rivela impossibile o comporta un impiego di mezzi manifestamente sproporzionato rispetto al diritto tutelato.<\/p>\n<p>L\u2019interessato ha diritto di opporsi, in tutto o in parte:<br \/>a) per motivi legittimi al trattamento dei dati personali che lo riguardano, ancorch\u00e9 pertinenti allo scopo della raccolta;<br \/>b) al trattamento di dati personali che lo riguardano a fini di invio di materiale pubblicitario o di vendita diretta o per il compimento di ricerche di mercato o di comunicazione commerciale. Ove applicabili, avete altres\u00ec i diritti di cui agli artt. 16-21 GDPR (Diritto di rettifica, diritto all\u2019oblio, diritto di limitazione di trattamento, diritto alla portabilit\u00e0 dei dati, diritto di opposizione), nonch\u00e9 il diritto di reclamo all\u2019Autorit\u00e0 Garante.<\/p>\n<h4>MODALIT\u00c0 DI ESERCIZIO DEI DIRITTI<\/h4>\n<p>Potrete in qualsiasi momento esercitare i diritti inviando una email a pbeb@pbeb.it.<\/p>\n<h4>MINORI<\/h4>\n<p>Questo Sito e i Servizi del Titolare non sono destinati a minori di 18 anni e il Titolare non raccoglie intenzionalmente informazioni personali riferite ai minori. Nel caso in cui informazioni su minori fossero involontariamente registrate, il Titolare le canceller\u00e0 in modo tempestivo, su richiesta degli utenti.<\/p>\n<h4>TITOLARE E RESPONSABILE DEL TRATTAMENTO<\/h4>\n<p>Il Titolare \u00e8 PBeB architetti \u2013 via Filippo Corridoni 17 24124, Bergamo, Italy \u2013 P.I 02339350163. Il Titolare mette a disposizione il seguente indirizzo email per ogni comunicazione: pbeb@pbeb.it. Il Titolare conserva una lista aggiornata dei responsabili nominati, e ne garantisce la presa visione all\u2019interessato presso la sede legale come sopra indicata.<\/p>\n<h4>MODIFICHE ALLA PRESENTE INFORMATIVA<\/h4>\n<p>La presente Informativa pu\u00f2 subire variazioni. Si consiglia, quindi, di controllare regolarmente questa Informativa e di riferirsi alla versione pi\u00f9 aggiornata.<\/p>\n<p>&nbsp;<\/p>\n<p>&nbsp;<\/p>\n<h3>COOKIE POLICY<\/h3>\n<p>Al fine di rendere i propri servizi il pi\u00f9 possibile efficienti e semplici da utilizzare questo Sito fa uso di cookies. Pertanto, quando si visita il Sito, viene inserita una quantit\u00e0 minima di informazioni nel dispositivo dell\u2019Utente, come piccoli file di testo chiamati \u201ccookie\u201d, che vengono salvati nella directory del browser Web dell\u2019Utente. Esistono diversi tipi di cookie, ma sostanzialmente lo scopo principale di un cookie \u00e8 quello di far funzionare pi\u00f9 efficacemente il Sito e di abilitarne determinate funzionalit\u00e0.<\/p>\n<p>I cookie sono utilizzati per migliorare la navigazione globale dell\u2019Utente. In particolare:<\/p>\n<p>Consentono di navigare in modo efficiente da una pagina all\u2019altra del sito Web.<br \/>Memorizzano il nome utente e le preferenze inserite.<br \/>Consentono di evitare di inserire le stesse informazioni (come nome utente e password) pi\u00f9 volte durante la visita.<br \/>Misurano l\u2019utilizzo dei servizi da parte degli Utenti, per ottimizzare l\u2019esperienza di navigazione e i servizi stessi.<br \/>Presentano informazioni pubblicitarie mirate in funzione degli interessi e del comportamento manifestato dall\u2019Utente durante la navigazione.<\/p>\n<p>Esistono vari tipi di cookie. Qui di seguito sono riportati i tipi cookie che possono essere utilizzati nel Sito con una descrizione della finalit\u00e0 legata all\u2019uso.<\/p>\n<p><strong>Cookie tecnici<\/strong><\/p>\n<p>I cookie di questo tipo sono necessari per il corretto funzionamento di alcune aree del sito. I cookie di questa categoria comprendono sia cookie persistenti che cookie di sessione. In assenza di tali cookie, il sito o alcune porzioni di esso potrebbero non funzionare correttamente. Pertanto, vengono sempre utilizzati, indipendentemente dalle preferenze dall\u2019utente. I cookie di questa categoria vengono sempre inviati dal nostro dominio.<\/p>\n<p><strong>Cookie analitici<\/strong><\/p>\n<p>I cookie di questo tipo vengono utilizzati per raccogliere informazioni sull\u2019utilizzo del sito. Il Titolare usa tali informazioni per analisi statistiche, per migliorare il sito e semplificarne l\u2019utilizzo, oltre che per monitorarne il corretto funzionamento. Questo tipo di cookie raccoglie informazioni in forma anonima sull\u2019attivit\u00e0 degli utenti nel sito e sul modo in cui sono arrivati al Sito e alle pagine visitate. I cookie di questa categoria vengono inviati dal Sito stesso o da domini di terze parti.<\/p>\n<p><strong>Cookie di rilevamento di terze parti<\/strong><\/p>\n<p>I cookie di questo tipo vengono utilizzati per raccogliere informazioni sull\u2019utilizzo del sito Web da parte dei visitatori, le parole chiave usate per raggiungere il sito, i siti Web visitati e le origini del traffico da cui provengono i visitatori per le campagne di marketing. Il titolare pu\u00f2 utilizzare tali informazioni per compilare rapporti e migliorare il Sito. I cookie raccolgono informazioni in forma anonima. I cookie di questo tipo vengono inviati dal Sito stesso o da domini di terze parti.<\/p>\n<p><strong>Cookie per l\u2019integrazione di funzionalit\u00e0 di terze parti<\/strong><\/p>\n<p>I cookie di questo tipo vengono utilizzati per integrare funzionalit\u00e0 di terze parti nel Sito (ad esempio, moduli per i commenti o icone di social network che consentono ai visitatori di condividere il contenuto del sito). I cookie di questa categoria possono essere inviati dai domini dei siti partner o che comunque offrono le funzionalit\u00e0 presenti nel sito.<\/p>\n<p>Il Titolare non \u00e8 tenuto a richiedere il consenso dell\u2019utente per i cookie tecnici, poich\u00e9 questi sono strettamente necessari per la fornitura del servizio.<br \/>Per le altre tipologie di cookie il consenso pu\u00f2 essere espresso dall\u2019Utente, conformemente alla normativa vigente, mediante specifiche configurazioni del browser e di programmi informatici o di dispositivi che siano di facile e chiara utilizzabilit\u00e0 per l\u2019Utente. Il Titolare ricorda all\u2019Utente che \u00e8 possibile modificare le preferenze relative ai cookie in qualsiasi momento. \u00c8 anche possibile disabilitare in qualsiasi momento i cookie dal browser , ma questa operazione potrebbe impedire all\u2019Utente di utilizzare alcune parti del Sito.<\/p>\n<p><strong>Cookie di profilazione<\/strong><\/p>\n<p>I cookie di profilazione sono volti a creare profili relativi all\u2019utente e vengono utilizzati al fine di inviare messaggi pubblicitari in linea con le preferenze manifestate dallo stesso nell\u2019ambito della navigazione in rete.<\/p>\n<p><strong>Siti Web di terze parti<\/strong><\/p>\n<p>Il sito di contiene collegamenti ad altri siti Web che dispongono di una propria informativa sulla privacy. Queste informative sulla privacy possono essere diverse da quella adottata dal Titolare, che quindi non risponde per Siti di terze parti.<\/p>\n<p>Ai sensi dell\u2019art. 122 secondo comma del D.lgs. 196\/2003 il consenso all\u2019utilizzo di tali cookie \u00e8 espresso dall\u2019interessato mediante il settaggio individuale che ha scelto liberamente per il browser utilizzato per la navigazione nel sito, ferma restando la facolt\u00e0 dell\u2019utente di comunicare in ogni momento al Titolare del trattamento la propria volont\u00e0 in merito ad dati gestiti per il tramite dei cookie che il browser stesso abbia accettato.<\/p>\n<p><strong>Come posso evitare la memorizzazione di cookie sul mio computer?<\/strong><\/p>\n<p>\u00c8 necessario impostare le preferenze per i cookie su ogni browser (Internet Explorer, Google Chrome, Mozilla Firefox o Safari). Esistono diversi modi per gestire i cookie, ad esempio: abilitare o disabilitare completamente i cookie; eliminare cookie specifici che sono gi\u00e0 stati memorizzati all\u2019interno del browser; bloccare la memorizzazione di cookie sul vostro computer da parte di siti Web specifici; oppure bloccare i cookie di terze parti (quando, mentre navigate su un sito Web, i cookie sono memorizzati sul vostro computer da un altro sito Web).<\/p>\n<h5>Cookie utilizzati e finalit\u00e0<\/h5>\n<p><strong>Cookie di navigazione<\/strong><br \/>Questi cookie di prima parte di sessione consentono agli utenti una sicura ed efficiente navigazione e fruizione del sito (gestione della sessione di navigazione).<br \/><strong>Cookie di funzionalit\u00e0<\/strong><br \/>Questi cookie di prima parte persistenti consentono di tenere traccia delle scelte degli utenti (selezione della lingua).<br \/><strong>Cookie analitici<\/strong><br \/>I cookie della piattaforma Google Analytics e di Youtube sono utilizzati per raccogliere informazioni sull\u2019utilizzo del Sito da parte degli utenti (numero di visitatori, pagine visitate, tempo di permanenza sul sito ecc\u2026).<br \/><strong>Cookie sociali<\/strong><br \/>Questi cookie di terze parti permettono agli utenti di interagire con i social network (Facebook, Twitter, \u2026) ed in particolare di condividere contenuti del sito attraverso i suddetti social network.<\/p>\n<h4>Disabilitazione dei cookie<\/h4>\n<p>Fermo restando quanto sopra indicato in ordine ai cookie strettamente necessari alla navigazione, l\u2018utente pu\u00f2 eliminare gli altri cookie attraverso la funzionalit\u00e0 a tal fine messa a disposizione dal Titolare tramite la presente informativa oppure direttamente tramite il proprio browser.<\/p>\n<p>Ciascun browser presenta procedure diverse per la gestione delle impostazioni. L\u2018utente pu\u00f2 ottenere istruzioni specifiche attraverso i link sottostanti:<br \/><a href=\"https:\/\/support.microsoft.com\/it-it\/products\/windows?os=windows-10\">Microsoft Windows Explorer<\/a><br \/><a href=\"https:\/\/support.google.com\/chrome\/answer\/95647?hl=it&amp;p=cpn_cookies\">Google Chrome<\/a><br \/><a href=\"https:\/\/support.mozilla.org\/it\/kb\/Attivare%20e%20disattivare%20i%20cookie\">Mozilla Firefox<\/a><br \/><a href=\"https:\/\/support.apple.com\/kb\/PH17191?viewlocale=it_IT&amp;locale=it_IT\">Apple Safari<\/a><br \/><a href=\"https:\/\/www.opera.com\/help\/tutorials\/security\/privacy\/\">Opera<\/a><\/p>\n<p>La disattivazione dei cookie di terze parti \u00e8 inoltre possibile attraverso le modalit\u00e0 rese disponibili direttamente dalla societ\u00e0 terza titolare per detto trattamento.<\/p>\n<p>Per avere informazioni sui cookie archiviati sul proprio terminale e disattivarli singolarmente si rinvia\u00a0<a href=\"http:\/\/www.youronlinechoices.com\/\">www.youronlinechoices.com<\/a><\/p>\n<p>&nbsp;<\/p>\n<h4>RIFERIMENTI LEGALI<\/h4>\n<p>La presente informativa \u00e8 redatta in adempimento degli obblighi previsti dal D.Lgs. 196\/2003 e del GDPR 679\/16 dall\u2019art. 10 della Direttiva n. 95\/46\/CE, nonch\u00e9 quanto previsto dalla Direttiva 2009\/136\/CE in materia di Cookie.<\/p>\n\t\t\t\t\t\t\t\t<\/div>\n\t\t\t\t<\/div>\n\t\t\t\t\t<\/div>\n\t\t<\/div>\n\t\t\t\t\t<\/div>\n\t\t<\/section>\n\t\t\t\t<\/div>\n\t\t","protected":false},"excerpt":{"rendered":"<p>PRIVACY POLICY ArchiforumCategoria: Associazione Culturale senza scopo di lucroVia Filippo Corridoni 17, 24124 BergamoTel 035.232247mail info@archiforum.itweb www.archiforum.itC.F.\/P.IVA: 02985540166Legale rappresentante: Presidente Paolo Belloni c.f. BLLPLA67B24A794Y (in seguito \u00e2\u20ac\u0153Titolare\u00e2\u20ac\u009d), in qualit\u00c3\u00a0 di Titolare del trattamento, informa gli interessati ai sensi dell\u00e2\u20ac\u02dcart. 13 D.Lgs. 30.06.2003 n. 196 (in&#8230;<\/p>\n","protected":false},"author":3,"featured_media":0,"parent":0,"menu_order":0,"comment_status":"closed","ping_status":"closed","template":"","meta":{"footnotes":""},"class_list":["post-1766","page","type-page","status-publish","hentry"],"_links":{"self":[{"href":"https:\/\/landaward.it\/it\/wp-json\/wp\/v2\/pages\/1766","targetHints":{"allow":["GET"]}}],"collection":[{"href":"https:\/\/landaward.it\/it\/wp-json\/wp\/v2\/pages"}],"about":[{"href":"https:\/\/landaward.it\/it\/wp-json\/wp\/v2\/types\/page"}],"author":[{"embeddable":true,"href":"https:\/\/landaward.it\/it\/wp-json\/wp\/v2\/users\/3"}],"replies":[{"embeddable":true,"href":"https:\/\/landaward.it\/it\/wp-json\/wp\/v2\/comments?post=1766"}],"version-history":[{"count":1,"href":"https:\/\/landaward.it\/it\/wp-json\/wp\/v2\/pages\/1766\/revisions"}],"predecessor-version":[{"id":1767,"href":"https:\/\/landaward.it\/it\/wp-json\/wp\/v2\/pages\/1766\/revisions\/1767"}],"wp:attachment":[{"href":"https:\/\/landaward.it\/it\/wp-json\/wp\/v2\/media?parent=1766"}],"curies":[{"name":"wp","href":"https:\/\/api.w.org\/{rel}","templated":true}]}}